{"id":3891,"date":"2024-11-24T13:24:57","date_gmt":"2024-11-24T13:24:57","guid":{"rendered":"https:\/\/keonia-care.com\/dienste\/"},"modified":"2025-07-17T10:10:39","modified_gmt":"2025-07-17T10:10:39","slug":"dienste","status":"publish","type":"page","link":"https:\/\/keonia-care.com\/de\/dienste\/","title":{"rendered":"Dienste"},"content":{"rendered":"[vc_row type=&#8220;full_width_background&#8220; full_screen_row_position=&#8220;middle&#8220; column_margin=&#8220;default&#8220; column_direction=&#8220;default&#8220; column_direction_tablet=&#8220;default&#8220; column_direction_phone=&#8220;default&#8220; scene_position=&#8220;center&#8220; top_padding=&#8220;5%&#8220; constrain_group_1=&#8220;yes&#8220; bottom_padding=&#8220;5%&#8220; text_color=&#8220;dark&#8220; text_align=&#8220;left&#8220; row_border_radius=&#8220;none&#8220; row_border_radius_applies=&#8220;bg&#8220; overflow=&#8220;visible&#8220; overlay_strength=&#8220;0.3&#8243; gradient_direction=&#8220;left_to_right&#8220; shape_divider_position=&#8220;bottom&#8220; bg_image_animation=&#8220;none&#8220; gradient_type=&#8220;default&#8220; shape_type=&#8220;&#8220;][vc_column column_padding=&#8220;no-extra-padding&#8220; column_padding_tablet=&#8220;inherit&#8220; column_padding_phone=&#8220;inherit&#8220; column_padding_position=&#8220;all&#8220; column_element_direction_desktop=&#8220;default&#8220; column_element_spacing=&#8220;10px&#8220; desktop_text_alignment=&#8220;default&#8220; tablet_text_alignment=&#8220;default&#8220; phone_text_alignment=&#8220;default&#8220; background_color_opacity=&#8220;1&#8243; background_hover_color_opacity=&#8220;1&#8243; column_backdrop_filter=&#8220;none&#8220; column_shadow=&#8220;none&#8220; column_border_radius=&#8220;none&#8220; column_link_target=&#8220;_self&#8220; column_position=&#8220;default&#8220; gradient_direction=&#8220;left_to_right&#8220; overlay_strength=&#8220;0.3&#8243; width=&#8220;1\/1&#8243; tablet_width_inherit=&#8220;default&#8220; animation_type=&#8220;default&#8220; enable_animation=&#8220;true&#8220; animation=&#8220;slight-fade-in-from-bottom&#8220; animation_easing=&#8220;default&#8220; bg_image_animation=&#8220;none&#8220; border_type=&#8220;simple&#8220; column_border_width=&#8220;none&#8220; column_border_style=&#8220;solid&#8220; column_padding_type=&#8220;default&#8220; gradient_type=&#8220;default&#8220;][vc_row_inner column_margin=&#8220;default&#8220; column_direction=&#8220;default&#8220; column_direction_tablet=&#8220;default&#8220; column_direction_phone=&#8220;default&#8220; top_padding=&#8220;10&#8243; constrain_group_1=&#8220;yes&#8220; bottom_padding=&#8220;10&#8243; top_padding_tablet=&#8220;20&#8243; bottom_padding_tablet=&#8220;0&#8243; text_align=&#8220;left&#8220; row_position=&#8220;default&#8220; row_position_tablet=&#8220;inherit&#8220; row_position_phone=&#8220;inherit&#8220; overflow=&#8220;visible&#8220; pointer_events=&#8220;all&#8220;][vc_column_inner column_element_direction_desktop=&#8220;default&#8220; column_element_spacing=&#8220;default&#8220; desktop_text_alignment=&#8220;center&#8220; tablet_text_alignment=&#8220;default&#8220; phone_text_alignment=&#8220;default&#8220; background_color_opacity=&#8220;1&#8243; background_hover_color_opacity=&#8220;1&#8243; column_backdrop_filter=&#8220;none&#8220; column_shadow=&#8220;none&#8220; column_border_radius=&#8220;none&#8220; column_link_target=&#8220;_self&#8220; overflow=&#8220;visible&#8220; gradient_direction=&#8220;left_to_right&#8220; overlay_strength=&#8220;0.3&#8243; width=&#8220;1\/1&#8243; tablet_width_inherit=&#8220;default&#8220; animation_type=&#8220;default&#8220; bg_image_animation=&#8220;none&#8220; border_type=&#8220;simple&#8220; column_border_width=&#8220;none&#8220; column_border_style=&#8220;solid&#8220; column_padding_type=&#8220;advanced&#8220; gradient_type=&#8220;default&#8220;][split_line_heading animation_type=&#8220;line-reveal-by-space&#8220; font_style=&#8220;h1&#8243; text_color=&#8220;#333333&#8243; line_reveal_by_space_text_effect=&#8220;none&#8220; content_alignment=&#8220;default&#8220; mobile_content_alignment=&#8220;inherit&#8220; link_target=&#8220;_self&#8220; text_content=&#8220;DIENSTE&#8220; text_direction=&#8220;ltr&#8220; font_size=&#8220;3vw&#8220; font_line_height=&#8220;1.2&#8243;][\/split_line_heading][nectar_responsive_text inherited_font_style=&#8220;h3&#8243; text_color=&#8220;#7166ab&#8220; text_direction=&#8220;default&#8220; font_line_height=&#8220;1&#8243;]\n<p data-start=\"117\" data-end=\"223\"><em>Erfahren Sie, wie wir arbeiten und warum immer mehr Fachleute unseren ma\u00dfgeschneiderten L\u00f6sungen vertrauen.<\/em><\/p>\n<p data-start=\"225\" data-end=\"281\" data-is-last-node=\"\" data-is-only-node=\"\">\n[\/nectar_responsive_text][\/vc_column_inner][\/vc_row_inner][\/vc_column][\/vc_row][vc_row type=&#8220;in_container&#8220; full_screen_row_position=&#8220;middle&#8220; column_margin=&#8220;40px&#8220; column_direction=&#8220;default&#8220; column_direction_tablet=&#8220;default&#8220; column_direction_phone=&#8220;default&#8220; bg_color=&#8220;#eacae2&#8243; scene_position=&#8220;center&#8220; top_padding=&#8220;3%&#8220; bottom_padding=&#8220;7%&#8220; left_margin=&#8220;0&#8243; right_margin=&#8220;0&#8243; text_color=&#8220;light&#8220; text_align=&#8220;left&#8220; row_border_radius=&#8220;5px&#8220; row_border_radius_applies=&#8220;bg&#8220; overflow=&#8220;visible&#8220; overlay_strength=&#8220;0.3&#8243; gradient_direction=&#8220;left_to_right&#8220; enable_shape_divider=&#8220;true&#8220; shape_divider_color=&#8220;#ffffff&#8220; shape_divider_position=&#8220;bottom&#8220; shape_divider_height=&#8220;220&#8243; shape_divider_bring_to_front=&#8220;true&#8220; bg_image_animation=&#8220;none&#8220; gradient_type=&#8220;default&#8220; shape_type=&#8220;tilt_alt&#8220;][vc_column right_padding_desktop=&#8220;26&#8243; column_element_direction_desktop=&#8220;default&#8220; column_element_spacing=&#8220;30px&#8220; desktop_text_alignment=&#8220;center&#8220; tablet_text_alignment=&#8220;default&#8220; phone_text_alignment=&#8220;default&#8220; sticky_content=&#8220;true&#8220; sticky_content_functionality=&#8220;css&#8220; sticky_content_alignment=&#8220;default&#8220; background_color_opacity=&#8220;1&#8243; background_hover_color_opacity=&#8220;1&#8243; column_backdrop_filter=&#8220;none&#8220; column_shadow=&#8220;none&#8220; column_border_radius=&#8220;15px&#8220; column_link_target=&#8220;_self&#8220; column_position=&#8220;default&#8220; gradient_direction=&#8220;left_to_right&#8220; overlay_strength=&#8220;0.3&#8243; width=&#8220;1\/2&#8243; tablet_width_inherit=&#8220;default&#8220; animation_type=&#8220;default&#8220; bg_image_animation=&#8220;none&#8220; border_type=&#8220;simple&#8220; column_border_width=&#8220;none&#8220; column_border_style=&#8220;solid&#8220; column_padding_type=&#8220;advanced&#8220; gradient_type=&#8220;default&#8220;][nectar_responsive_text inherited_font_style=&#8220;default&#8220; text_color=&#8220;#7166ab&#8220; text_direction=&#8220;default&#8220;]\n<h2 style=\"color: #7266ab;\">Wir verbinden ikonische Marken mit strategischen Kunden auf der ganzen Welt.<\/h2>\n[\/nectar_responsive_text][nectar_responsive_text inherited_font_style=&#8220;default&#8220; text_color=&#8220;#7166ab&#8220; text_direction=&#8220;default&#8220;]\n<h3 style=\"color: #7266ab;\">Wir schaffen umfassende L\u00f6sungen f\u00fcr hohe Kosmetik, um neue M\u00e4rkte mit Fl\u00fcssigkeit, Pr\u00e4zision und Mehrwert zu erreichen.<\/h3>\n[\/nectar_responsive_text][image_with_animation image_url=&#8220;5872&#8243; image_size=&#8220;medium_large&#8220; animation_type=&#8220;entrance&#8220; animation=&#8220;Grow In&#8220; animation_easing=&#8220;default&#8220; animation_movement_type=&#8220;transform_y&#8220; hover_animation=&#8220;none&#8220; alignment=&#8220;&#8220; border_radius=&#8220;none&#8220; box_shadow=&#8220;none&#8220; image_loading=&#8220;default&#8220; max_width=&#8220;100%&#8220; max_width_mobile=&#8220;default&#8220; position_desktop=&#8220;relative&#8220;][vc_widget_sidebar][divider line_type=&#8220;No Line&#8220; custom_height=&#8220;15&#8243;][\/vc_column][vc_column column_padding=&#8220;no-extra-padding&#8220; column_padding_tablet=&#8220;inherit&#8220; column_padding_phone=&#8220;inherit&#8220; column_padding_position=&#8220;all&#8220; column_element_direction_desktop=&#8220;default&#8220; column_element_spacing=&#8220;default&#8220; desktop_text_alignment=&#8220;default&#8220; tablet_text_alignment=&#8220;default&#8220; phone_text_alignment=&#8220;default&#8220; background_color_opacity=&#8220;1&#8243; background_hover_color_opacity=&#8220;1&#8243; column_backdrop_filter=&#8220;none&#8220; column_shadow=&#8220;none&#8220; column_border_radius=&#8220;none&#8220; column_link_target=&#8220;_self&#8220; column_position=&#8220;default&#8220; gradient_direction=&#8220;left_to_right&#8220; overlay_strength=&#8220;0.3&#8243; width=&#8220;1\/4&#8243; tablet_width_inherit=&#8220;default&#8220; animation_type=&#8220;default&#8220; bg_image_animation=&#8220;none&#8220; border_type=&#8220;simple&#8220; column_border_width=&#8220;none&#8220; column_border_style=&#8220;solid&#8220;][nectar_responsive_text inherited_font_style=&#8220;default&#8220; text_color=&#8220;#000000&#8243; text_direction=&#8220;default&#8220;]\n<div style=\"display: flex; flex-wrap: wrap; gap: 40px; color: #000000; font-family: sans-serif;\">\n<div style=\"flex: 1 1 45%;\">\n<h4>01<br \/><strong>Trade Intelligence &amp; Handelsmanagement<\/strong><\/h4>\n<p>Wir schlie\u00dfen Allianzen mit renommierten Marken und gew\u00e4hrleisten so einen bevorzugten Zugang zu Schl\u00fcsselprodukten und \u00e4u\u00dferst wettbewerbsf\u00e4hige Gesch\u00e4ftsbedingungen.<\/p>\n<h4>02<br \/><strong>Kundenspezifische Beschaffung<\/strong><\/h4>\n<p>Wir finden, was Ihr Unternehmen braucht. Wir erkennen Chancen, w\u00e4hlen Marken und Produkte aus und kuratieren jedes Angebot mit einem personalisierten Ansatz. <\/p>\n<h4>03<br \/><strong>Optimierung von Konditionen und Rentabilit\u00e4t<\/strong><\/h4>\n<p>Dank unseres internationalen Netzwerks erschlie\u00dfen wir exklusive Konditionen und wettbewerbsf\u00e4hige Margen und generieren so klare Vorteile f\u00fcr unsere Kunden.<\/p>\n<\/div>\n<\/div>\n<p>&nbsp;[\/nectar_responsive_text][\/vc_column][vc_column column_padding=&#8220;no-extra-padding&#8220; column_padding_tablet=&#8220;inherit&#8220; column_padding_phone=&#8220;inherit&#8220; column_padding_position=&#8220;all&#8220; column_element_direction_desktop=&#8220;default&#8220; column_element_spacing=&#8220;default&#8220; desktop_text_alignment=&#8220;default&#8220; tablet_text_alignment=&#8220;default&#8220; phone_text_alignment=&#8220;default&#8220; background_color_opacity=&#8220;1&#8243; background_hover_color_opacity=&#8220;1&#8243; column_backdrop_filter=&#8220;none&#8220; column_shadow=&#8220;none&#8220; column_border_radius=&#8220;none&#8220; column_link_target=&#8220;_self&#8220; column_position=&#8220;default&#8220; gradient_direction=&#8220;left_to_right&#8220; overlay_strength=&#8220;0.3&#8243; width=&#8220;1\/4&#8243; tablet_width_inherit=&#8220;default&#8220; animation_type=&#8220;default&#8220; bg_image_animation=&#8220;none&#8220; border_type=&#8220;simple&#8220; column_border_width=&#8220;none&#8220; column_border_style=&#8220;solid&#8220;][nectar_responsive_text inherited_font_style=&#8220;default&#8220; text_color=&#8220;#000000&#8243; text_direction=&#8220;default&#8220;]\n<h4>04<br \/><strong>Strategische Bestandskontrolle<\/strong><\/h4>\n<p>Wir sorgen f\u00fcr kontinuierliche Verf\u00fcgbarkeit und effizienten Nachschub. Unsere vorausschauende Vision minimiert Br\u00fcche und maximiert die Lagerausbeute. <\/p>\n<h4>05<br \/><strong>Globale Premium-Logistik<\/strong><\/h4>\n<p>Wir koordinieren jede Phase: Transport, Lagerung und Verteilung. Wir halten uns an internationale Vorschriften und liefern mit Pr\u00e4zision und Agilit\u00e4t.[\/nectar_responsive_text][image_with_animation image_url=&#8220;5896&#8243; image_size=&#8220;medium&#8220; animation_type=&#8220;entrance&#8220; animation=&#8220;None&#8220; animation_movement_type=&#8220;transform_y&#8220; hover_animation=&#8220;none&#8220; alignment=&#8220;&#8220; border_radius=&#8220;none&#8220; box_shadow=&#8220;none&#8220; image_loading=&#8220;default&#8220; max_width=&#8220;100%&#8220; max_width_mobile=&#8220;default&#8220;][\/vc_column][\/vc_row][vc_row type=&#8220;in_container&#8220; full_screen_row_position=&#8220;middle&#8220; column_margin=&#8220;default&#8220; column_direction=&#8220;default&#8220; column_direction_tablet=&#8220;default&#8220; column_direction_phone=&#8220;default&#8220; scene_position=&#8220;center&#8220; text_color=&#8220;dark&#8220; text_align=&#8220;left&#8220; row_border_radius=&#8220;none&#8220; row_border_radius_applies=&#8220;bg&#8220; overflow=&#8220;visible&#8220; overlay_strength=&#8220;0.3&#8243; gradient_direction=&#8220;left_to_right&#8220; shape_divider_position=&#8220;bottom&#8220; bg_image_animation=&#8220;none&#8220;][vc_column column_padding=&#8220;no-extra-padding&#8220; column_padding_tablet=&#8220;inherit&#8220; column_padding_phone=&#8220;inherit&#8220; column_padding_position=&#8220;all&#8220; column_element_direction_desktop=&#8220;default&#8220; column_element_spacing=&#8220;default&#8220; desktop_text_alignment=&#8220;center&#8220; tablet_text_alignment=&#8220;default&#8220; phone_text_alignment=&#8220;default&#8220; background_color=&#8220;#dad6ec&#8220; background_color_opacity=&#8220;1&#8243; background_color_hover=&#8220;#dad6ec&#8220; background_hover_color_opacity=&#8220;1&#8243; column_backdrop_filter=&#8220;none&#8220; column_shadow=&#8220;none&#8220; column_border_radius=&#8220;none&#8220; column_link_target=&#8220;_self&#8220; column_position=&#8220;default&#8220; gradient_direction=&#8220;left_to_right&#8220; overlay_strength=&#8220;0.3&#8243; width=&#8220;1\/1&#8243; tablet_width_inherit=&#8220;default&#8220; animation_type=&#8220;default&#8220; bg_image_animation=&#8220;none&#8220; border_type=&#8220;simple&#8220; column_border_width=&#8220;none&#8220; column_border_style=&#8220;solid&#8220; column_padding_type=&#8220;default&#8220; gradient_type=&#8220;default&#8220;][divider line_type=&#8220;No Line&#8220;][vc_column_text css=&#8220;&#8220; text_direction=&#8220;default&#8220;]\n<h2>Arbeiten Sie im B2B-Beauty-Bereich?<\/h2>\n[\/vc_column_text][vc_column_text css=&#8220;&#8220; text_direction=&#8220;default&#8220;]\n<h2><\/h2>\n<p data-start=\"200\" data-end=\"393\" data-is-last-node=\"\" data-is-only-node=\"\">Ob <strong>Sie kaufen<\/strong> oder <strong>verkaufen<\/strong>, wir freuen uns, Sie kennenzulernen.<br \/>Wir glauben an Verbindungen, die einen echten Mehrwert schaffen, wenn Sie also M\u00f6glichkeiten der Zusammenarbeit sehen, <em>schreiben Sie uns!<\/em><\/p>\n<p data-start=\"200\" data-end=\"393\" data-is-last-node=\"\" data-is-only-node=\"\">Unser Team wird sich gerne mit Ihnen in Verbindung setzen, um zu erfahren, wie wir <strong>zusammenarbeiten k\u00f6nnen.<\/strong><\/p>\n<p data-start=\"200\" data-end=\"393\" data-is-last-node=\"\" data-is-only-node=\"\">Wir bitten Sie nur<strong> um 5 Minuten<\/strong> , um das Kontaktformular auszuf\u00fcllen.<br \/><em>Es ist kurz \u2013 versprochen \u2013<\/em> aber es wird uns helfen, Sie ein wenig besser kennenzulernen.[\/vc_column_text][nectar_btn size=&#8220;jumbo&#8220; button_style=&#8220;regular&#8220; button_color_2=&#8220;Extra-Color-1&#8243; color_override=&#8220;#7166ab&#8220; solid_text_color_override=&#8220;#ffffff&#8220; icon_family=&#8220;none&#8220; text=&#8220;HIER GEHT&#039;S ZUM B2B-BEREICH&#8220; url=&#8220;https:\/\/keonia-care.com\/de\/kontakt-2\/&#8220; css_animation=&#8220;pulse&#8220;][vc_column_text css=&#8220;&#8220; text_direction=&#8220;default&#8220;]<em>Vielen Dank im Voraus&#8230; <\/em><em>Wir warten auf Sie!<\/em>[\/vc_column_text][divider line_type=&#8220;No Line&#8220;][\/vc_column][\/vc_row][vc_row type=&#8220;in_container&#8220; full_screen_row_position=&#8220;middle&#8220; column_margin=&#8220;default&#8220; column_direction=&#8220;default&#8220; column_direction_tablet=&#8220;default&#8220; column_direction_phone=&#8220;default&#8220; scene_position=&#8220;center&#8220; text_color=&#8220;dark&#8220; text_align=&#8220;left&#8220; row_border_radius=&#8220;none&#8220; row_border_radius_applies=&#8220;bg&#8220; overflow=&#8220;visible&#8220; overlay_strength=&#8220;0.3&#8243; gradient_direction=&#8220;left_to_right&#8220; shape_divider_position=&#8220;bottom&#8220; bg_image_animation=&#8220;none&#8220;][vc_column column_padding=&#8220;no-extra-padding&#8220; column_padding_tablet=&#8220;inherit&#8220; column_padding_phone=&#8220;inherit&#8220; column_padding_position=&#8220;all&#8220; column_element_direction_desktop=&#8220;default&#8220; column_element_spacing=&#8220;default&#8220; desktop_text_alignment=&#8220;default&#8220; tablet_text_alignment=&#8220;default&#8220; phone_text_alignment=&#8220;default&#8220; background_color_opacity=&#8220;1&#8243; background_hover_color_opacity=&#8220;1&#8243; column_backdrop_filter=&#8220;none&#8220; column_shadow=&#8220;none&#8220; column_border_radius=&#8220;none&#8220; column_link_target=&#8220;_self&#8220; column_position=&#8220;default&#8220; gradient_direction=&#8220;left_to_right&#8220; overlay_strength=&#8220;0.3&#8243; width=&#8220;1\/1&#8243; tablet_width_inherit=&#8220;default&#8220; animation_type=&#8220;default&#8220; bg_image_animation=&#8220;none&#8220; border_type=&#8220;simple&#8220; column_border_width=&#8220;none&#8220; column_border_style=&#8220;solid&#8220;][\/vc_column][\/vc_row]\n","protected":false},"excerpt":{"rendered":"<p>[vc_row type=&#8220;full_width_background&#8220; full_screen_row_position=&#8220;middle&#8220; column_margin=&#8220;default&#8220; column_direction=&#8220;default&#8220; column_direction_tablet=&#8220;default&#8220; column_direction_phone=&#8220;default&#8220; scene_position=&#8220;center&#8220; top_padding=&#8220;5%&#8220; constrain_group_1=&#8220;yes&#8220; bottom_padding=&#8220;5%&#8220; text_color=&#8220;dark&#8220; text_align=&#8220;left&#8220; row_border_radius=&#8220;none&#8220; row_border_radius_applies=&#8220;bg&#8220; overflow=&#8220;visible&#8220; overlay_strength=&#8220;0.3&#8243; gradient_direction=&#8220;left_to_right&#8220; shape_divider_position=&#8220;bottom&#8220; bg_image_animation=&#8220;none&#8220; gradient_type=&#8220;default&#8220; shape_type=&#8220;&#8220;][vc_column column_padding=&#8220;no-extra-padding&#8220; column_padding_tablet=&#8220;inherit&#8220; column_padding_phone=&#8220;inherit&#8220; column_padding_position=&#8220;all&#8220; column_element_direction_desktop=&#8220;default&#8220; column_element_spacing=&#8220;10px&#8220; desktop_text_alignment=&#8220;default&#8220; tablet_text_alignment=&#8220;default&#8220;&#8230;<\/p>\n","protected":false},"author":1,"featured_media":0,"parent":0,"menu_order":0,"comment_status":"closed","ping_status":"closed","template":"","meta":{"footnotes":""},"class_list":["post-3891","page","type-page","status-publish"],"yoast_head":"<!-- This site is optimized with the Yoast SEO plugin v27.2 - https:\/\/yoast.com\/product\/yoast-seo-wordpress\/ -->\n<title>Dienste - Keonia Care<\/title>\n<meta name=\"description\" content=\"Unsere weltweiten Vertriebsdienstleistungen f\u00fcr Kosmetik- und Parf\u00fcmeriemarken. Wir sind Ihr strategischer Partner auf internationalen M\u00e4rkten.\" \/>\n<meta name=\"robots\" content=\"index, follow, max-snippet:-1, max-image-preview:large, max-video-preview:-1\" \/>\n<link rel=\"canonical\" href=\"https:\/\/keonia-care.com\/de\/dienste\/\" \/>\n<meta property=\"og:locale\" content=\"de_DE\" \/>\n<meta property=\"og:type\" content=\"article\" \/>\n<meta property=\"og:title\" content=\"Dienste - Keonia Care\" \/>\n<meta property=\"og:description\" content=\"Unsere weltweiten Vertriebsdienstleistungen f\u00fcr Kosmetik- und Parf\u00fcmeriemarken. Wir sind Ihr strategischer Partner auf internationalen M\u00e4rkten.\" \/>\n<meta property=\"og:url\" content=\"https:\/\/keonia-care.com\/de\/dienste\/\" \/>\n<meta property=\"og:site_name\" content=\"Keonia Care\" \/>\n<meta property=\"article:modified_time\" content=\"2025-07-17T10:10:39+00:00\" \/>\n<meta name=\"twitter:card\" content=\"summary_large_image\" \/>\n<meta name=\"twitter:label1\" content=\"Gesch\u00e4tzte Lesezeit\" \/>\n\t<meta name=\"twitter:data1\" content=\"8\u00a0Minuten\" \/>\n<script type=\"application\/ld+json\" class=\"yoast-schema-graph\">{\"@context\":\"https:\/\/schema.org\",\"@graph\":[{\"@type\":\"WebPage\",\"@id\":\"https:\/\/keonia-care.com\/de\/dienste\/\",\"url\":\"https:\/\/keonia-care.com\/de\/dienste\/\",\"name\":\"Dienste - Keonia Care\",\"isPartOf\":{\"@id\":\"https:\/\/keonia-care.com\/de\/#website\"},\"datePublished\":\"2024-11-24T13:24:57+00:00\",\"dateModified\":\"2025-07-17T10:10:39+00:00\",\"description\":\"Unsere weltweiten Vertriebsdienstleistungen f\u00fcr Kosmetik- und Parf\u00fcmeriemarken. Wir sind Ihr strategischer Partner auf internationalen M\u00e4rkten.\",\"breadcrumb\":{\"@id\":\"https:\/\/keonia-care.com\/de\/dienste\/#breadcrumb\"},\"inLanguage\":\"de\",\"potentialAction\":[{\"@type\":\"ReadAction\",\"target\":[\"https:\/\/keonia-care.com\/de\/dienste\/\"]}]},{\"@type\":\"BreadcrumbList\",\"@id\":\"https:\/\/keonia-care.com\/de\/dienste\/#breadcrumb\",\"itemListElement\":[{\"@type\":\"ListItem\",\"position\":1,\"name\":\"Portada\",\"item\":\"https:\/\/keonia-care.com\/de\/heim\/\"},{\"@type\":\"ListItem\",\"position\":2,\"name\":\"Dienste\"}]},{\"@type\":\"WebSite\",\"@id\":\"https:\/\/keonia-care.com\/de\/#website\",\"url\":\"https:\/\/keonia-care.com\/de\/\",\"name\":\"Keonia Care\",\"description\":\"Comercio global de cosm\u00e9tica\",\"potentialAction\":[{\"@type\":\"SearchAction\",\"target\":{\"@type\":\"EntryPoint\",\"urlTemplate\":\"https:\/\/keonia-care.com\/de\/?s={search_term_string}\"},\"query-input\":{\"@type\":\"PropertyValueSpecification\",\"valueRequired\":true,\"valueName\":\"search_term_string\"}}],\"inLanguage\":\"de\"}]}<\/script>\n<!-- \/ Yoast SEO plugin. -->","yoast_head_json":{"title":"Dienste - Keonia Care","description":"Unsere weltweiten Vertriebsdienstleistungen f\u00fcr Kosmetik- und Parf\u00fcmeriemarken. Wir sind Ihr strategischer Partner auf internationalen M\u00e4rkten.","robots":{"index":"index","follow":"follow","max-snippet":"max-snippet:-1","max-image-preview":"max-image-preview:large","max-video-preview":"max-video-preview:-1"},"canonical":"https:\/\/keonia-care.com\/de\/dienste\/","og_locale":"de_DE","og_type":"article","og_title":"Dienste - Keonia Care","og_description":"Unsere weltweiten Vertriebsdienstleistungen f\u00fcr Kosmetik- und Parf\u00fcmeriemarken. Wir sind Ihr strategischer Partner auf internationalen M\u00e4rkten.","og_url":"https:\/\/keonia-care.com\/de\/dienste\/","og_site_name":"Keonia Care","article_modified_time":"2025-07-17T10:10:39+00:00","twitter_card":"summary_large_image","twitter_misc":{"Gesch\u00e4tzte Lesezeit":"8\u00a0Minuten"},"schema":{"@context":"https:\/\/schema.org","@graph":[{"@type":"WebPage","@id":"https:\/\/keonia-care.com\/de\/dienste\/","url":"https:\/\/keonia-care.com\/de\/dienste\/","name":"Dienste - Keonia Care","isPartOf":{"@id":"https:\/\/keonia-care.com\/de\/#website"},"datePublished":"2024-11-24T13:24:57+00:00","dateModified":"2025-07-17T10:10:39+00:00","description":"Unsere weltweiten Vertriebsdienstleistungen f\u00fcr Kosmetik- und Parf\u00fcmeriemarken. Wir sind Ihr strategischer Partner auf internationalen M\u00e4rkten.","breadcrumb":{"@id":"https:\/\/keonia-care.com\/de\/dienste\/#breadcrumb"},"inLanguage":"de","potentialAction":[{"@type":"ReadAction","target":["https:\/\/keonia-care.com\/de\/dienste\/"]}]},{"@type":"BreadcrumbList","@id":"https:\/\/keonia-care.com\/de\/dienste\/#breadcrumb","itemListElement":[{"@type":"ListItem","position":1,"name":"Portada","item":"https:\/\/keonia-care.com\/de\/heim\/"},{"@type":"ListItem","position":2,"name":"Dienste"}]},{"@type":"WebSite","@id":"https:\/\/keonia-care.com\/de\/#website","url":"https:\/\/keonia-care.com\/de\/","name":"Keonia Care","description":"Comercio global de cosm\u00e9tica","potentialAction":[{"@type":"SearchAction","target":{"@type":"EntryPoint","urlTemplate":"https:\/\/keonia-care.com\/de\/?s={search_term_string}"},"query-input":{"@type":"PropertyValueSpecification","valueRequired":true,"valueName":"search_term_string"}}],"inLanguage":"de"}]}},"_links":{"self":[{"href":"https:\/\/keonia-care.com\/de\/wp-json\/wp\/v2\/pages\/3891","targetHints":{"allow":["GET"]}}],"collection":[{"href":"https:\/\/keonia-care.com\/de\/wp-json\/wp\/v2\/pages"}],"about":[{"href":"https:\/\/keonia-care.com\/de\/wp-json\/wp\/v2\/types\/page"}],"author":[{"embeddable":true,"href":"https:\/\/keonia-care.com\/de\/wp-json\/wp\/v2\/users\/1"}],"replies":[{"embeddable":true,"href":"https:\/\/keonia-care.com\/de\/wp-json\/wp\/v2\/comments?post=3891"}],"version-history":[{"count":18,"href":"https:\/\/keonia-care.com\/de\/wp-json\/wp\/v2\/pages\/3891\/revisions"}],"predecessor-version":[{"id":5918,"href":"https:\/\/keonia-care.com\/de\/wp-json\/wp\/v2\/pages\/3891\/revisions\/5918"}],"wp:attachment":[{"href":"https:\/\/keonia-care.com\/de\/wp-json\/wp\/v2\/media?parent=3891"}],"curies":[{"name":"wp","href":"https:\/\/api.w.org\/{rel}","templated":true}]}}